{"id":14,"date":"2019-10-29T11:49:03","date_gmt":"2019-10-29T11:49:03","guid":{"rendered":"http:\/\/mojplanet.net\/?page_id=14"},"modified":"2021-09-28T09:21:08","modified_gmt":"2021-09-28T08:21:08","slug":"kontakt","status":"publish","type":"page","link":"https:\/\/mojplanet.net\/?page_id=14","title":{"rendered":"Kontakt"},"content":{"rendered":"\n<p>email: info@mojplanet.net<br>telefon: 031 308 151<\/p>\n\n\n\n<iframe loading=\"lazy\" src=\"https:\/\/www.google.com\/maps\/embed?pb=!1m18!1m12!1m3!1d2763.2540158754164!2d14.316767115119232!3d46.165598994388766!2m3!1f0!2f0!3f0!3m2!1i1024!2i768!4f13.1!3m3!1m2!1s0x477ac61d4dac4765%3A0x17bd09a20154237e!2sMOJPLANET%20d.o.o.!5e0!3m2!1sen!2ssi!4v1573041383028!5m2!1sen!2ssi\" width=\"600\" height=\"450\" frameborder=\"0\" style=\"border:0;\" allowfullscreen=\"\"><\/iframe>\n\n\n\n<p>Izpis iz Ajpesa (Agencija Republike Slovenije za javnopravne evidence in storitve):<\/p>\n\n\n\n<ul><li>Status subjekta: vpisan<\/li><li>Datum vpisa subjekta v sodni register: 19.02.2014<\/li><li>Mati\u010dna \u0161tevilka: 6554024000<\/li><li>Ident. \u0161t. za DDV: SI69875863<\/li><li>\u0160tevilka vpisa v sodni register (\u0161t. vlo\u017eka): 2014\/7872<\/li><li> Firma: MOJPLANET, prodaja medicinskih pripomo\u010dkov, d.o.o.<\/li><li>Skraj\u0161ana firma: MOJPLANET d.o.o. <\/li><li>Sede\u017e: \u0160kofja Loka<\/li><li>Poslovni naslov: Pod Plevno 27, 4220 \u0160kofja Loka<\/li><li>Pravnoorganizacijska oblika: Dru\u017eba z omejeno odgovornostjo d.o.o.<\/li><li>Osnovni kapital: 7.500,00\u00a0EUR<\/li><li>Glavna dejavnost (SKD):  46.460\u00a0(Trg.db.s farm.izd.,med.potr.in mat.)<br>druge dejavnosti:47.910 Trg.dr.po po\u0161ti ali po internetu<\/li><li> \u0161ifra institucionalnega sektorja po 5. \u010dlenu ZPRS-1:  <br>11002 Nacionalne zasebne nefinan\u010dne dru\u017ebe <\/li><\/ul>\n\n\n\n<p>Transakcijski ra\u010dun:<br>Banka:&nbsp;De\u017eelna banka Slovenije d. d.<br>TRR IBAN:&nbsp;SI56 1910 0001 0322 697<br>BIC\/SWIFT:&nbsp;SZKBSI2X<\/p>\n\n\n\n<p>Podjetje je od 1.3.2021 dav\u010dni zavezanec.<br><\/p>\n","protected":false},"excerpt":{"rendered":"<p>email: info@mojplanet.nettelefon: 031 308 151 Izpis iz Ajpesa (Agencija Republike Slovenije za javnopravne evidence in storitve): Status subjekta: vpisan Datum vpisa subjekta v sodni register: 19.02.2014 Mati\u010dna \u0161tevilka: 6554024000 Ident. \u0161t. za DDV: SI69875863 \u0160tevilka vpisa v sodni register (\u0161t. vlo\u017eka): 2014\/7872 Firma: MOJPLANET, prodaja medicinskih pripomo\u010dkov, d.o.o. Skraj\u0161ana firma: MOJPLANET d.o.o. Sede\u017e: \u0160kofja Loka &hellip; <\/p>\n<p class=\"link-more\"><a href=\"https:\/\/mojplanet.net\/?page_id=14\" class=\"more-link\">Preberi ve\u010d<span class=\"screen-reader-text\"> &#8220;Kontakt&#8221;<\/span><\/a><\/p>\n","protected":false},"author":1,"featured_media":0,"parent":0,"menu_order":0,"comment_status":"closed","ping_status":"closed","template":"","meta":{"_mi_skip_tracking":false,"_monsterinsights_sitenote_active":false,"_monsterinsights_sitenote_note":"","_monsterinsights_sitenote_category":0},"yoast_head":"<!-- This site is optimized with the Yoast SEO plugin v20.12 - https:\/\/yoast.com\/wordpress\/plugins\/seo\/ -->\n<title>Kontakt - MojPlanet d.o.o.<\/title>\n<meta name=\"robots\" content=\"index, follow, max-snippet:-1, max-image-preview:large, max-video-preview:-1\" \/>\n<link rel=\"canonical\" href=\"https:\/\/mojplanet.net\/?page_id=14\" \/>\n<meta property=\"og:locale\" content=\"sl_SI\" \/>\n<meta property=\"og:type\" content=\"article\" \/>\n<meta property=\"og:title\" content=\"Kontakt - MojPlanet d.o.o.\" \/>\n<meta property=\"og:description\" content=\"email: info@mojplanet.nettelefon: 031 308 151 Izpis iz Ajpesa (Agencija Republike Slovenije za javnopravne evidence in storitve): Status subjekta: vpisan Datum vpisa subjekta v sodni register: 19.02.2014 Mati\u010dna \u0161tevilka: 6554024000 Ident. \u0161t. za DDV: SI69875863 \u0160tevilka vpisa v sodni register (\u0161t. vlo\u017eka): 2014\/7872 Firma: MOJPLANET, prodaja medicinskih pripomo\u010dkov, d.o.o. Skraj\u0161ana firma: MOJPLANET d.o.o. Sede\u017e: \u0160kofja Loka &hellip; Preberi ve\u010d &quot;Kontakt&quot;\" \/>\n<meta property=\"og:url\" content=\"https:\/\/mojplanet.net\/?page_id=14\" \/>\n<meta property=\"og:site_name\" content=\"MojPlanet d.o.o.\" \/>\n<meta property=\"article:modified_time\" content=\"2021-09-28T08:21:08+00:00\" \/>\n<meta name=\"twitter:card\" content=\"summary_large_image\" \/>\n<meta name=\"twitter:label1\" content=\"Est. reading time\" \/>\n\t<meta name=\"twitter:data1\" content=\"1 minuta\" \/>\n<script type=\"application\/ld+json\" class=\"yoast-schema-graph\">{\"@context\":\"https:\/\/schema.org\",\"@graph\":[{\"@type\":\"WebPage\",\"@id\":\"https:\/\/mojplanet.net\/?page_id=14\",\"url\":\"https:\/\/mojplanet.net\/?page_id=14\",\"name\":\"Kontakt - MojPlanet d.o.o.\",\"isPartOf\":{\"@id\":\"https:\/\/mojplanet.net\/#website\"},\"datePublished\":\"2019-10-29T11:49:03+00:00\",\"dateModified\":\"2021-09-28T08:21:08+00:00\",\"breadcrumb\":{\"@id\":\"https:\/\/mojplanet.net\/?page_id=14#breadcrumb\"},\"inLanguage\":\"sl-SI\",\"potentialAction\":[{\"@type\":\"ReadAction\",\"target\":[\"https:\/\/mojplanet.net\/?page_id=14\"]}]},{\"@type\":\"BreadcrumbList\",\"@id\":\"https:\/\/mojplanet.net\/?page_id=14#breadcrumb\",\"itemListElement\":[{\"@type\":\"ListItem\",\"position\":1,\"name\":\"Home\",\"item\":\"https:\/\/mojplanet.net\/\"},{\"@type\":\"ListItem\",\"position\":2,\"name\":\"Kontakt\"}]},{\"@type\":\"WebSite\",\"@id\":\"https:\/\/mojplanet.net\/#website\",\"url\":\"https:\/\/mojplanet.net\/\",\"name\":\"MojPlanet d.o.o.\",\"description\":\"Prodaja medicinskih pripomo\u010dkov in spletna trgovina\",\"potentialAction\":[{\"@type\":\"SearchAction\",\"target\":{\"@type\":\"EntryPoint\",\"urlTemplate\":\"https:\/\/mojplanet.net\/?s={search_term_string}\"},\"query-input\":\"required name=search_term_string\"}],\"inLanguage\":\"sl-SI\"}]}<\/script>\n<!-- \/ Yoast SEO plugin. -->","yoast_head_json":{"title":"Kontakt - MojPlanet d.o.o.","robots":{"index":"index","follow":"follow","max-snippet":"max-snippet:-1","max-image-preview":"max-image-preview:large","max-video-preview":"max-video-preview:-1"},"canonical":"https:\/\/mojplanet.net\/?page_id=14","og_locale":"sl_SI","og_type":"article","og_title":"Kontakt - MojPlanet d.o.o.","og_description":"email: info@mojplanet.nettelefon: 031 308 151 Izpis iz Ajpesa (Agencija Republike Slovenije za javnopravne evidence in storitve): Status subjekta: vpisan Datum vpisa subjekta v sodni register: 19.02.2014 Mati\u010dna \u0161tevilka: 6554024000 Ident. \u0161t. za DDV: SI69875863 \u0160tevilka vpisa v sodni register (\u0161t. vlo\u017eka): 2014\/7872 Firma: MOJPLANET, prodaja medicinskih pripomo\u010dkov, d.o.o. Skraj\u0161ana firma: MOJPLANET d.o.o. Sede\u017e: \u0160kofja Loka &hellip; Preberi ve\u010d \"Kontakt\"","og_url":"https:\/\/mojplanet.net\/?page_id=14","og_site_name":"MojPlanet d.o.o.","article_modified_time":"2021-09-28T08:21:08+00:00","twitter_card":"summary_large_image","twitter_misc":{"Est. reading time":"1 minuta"},"schema":{"@context":"https:\/\/schema.org","@graph":[{"@type":"WebPage","@id":"https:\/\/mojplanet.net\/?page_id=14","url":"https:\/\/mojplanet.net\/?page_id=14","name":"Kontakt - MojPlanet d.o.o.","isPartOf":{"@id":"https:\/\/mojplanet.net\/#website"},"datePublished":"2019-10-29T11:49:03+00:00","dateModified":"2021-09-28T08:21:08+00:00","breadcrumb":{"@id":"https:\/\/mojplanet.net\/?page_id=14#breadcrumb"},"inLanguage":"sl-SI","potentialAction":[{"@type":"ReadAction","target":["https:\/\/mojplanet.net\/?page_id=14"]}]},{"@type":"BreadcrumbList","@id":"https:\/\/mojplanet.net\/?page_id=14#breadcrumb","itemListElement":[{"@type":"ListItem","position":1,"name":"Home","item":"https:\/\/mojplanet.net\/"},{"@type":"ListItem","position":2,"name":"Kontakt"}]},{"@type":"WebSite","@id":"https:\/\/mojplanet.net\/#website","url":"https:\/\/mojplanet.net\/","name":"MojPlanet d.o.o.","description":"Prodaja medicinskih pripomo\u010dkov in spletna trgovina","potentialAction":[{"@type":"SearchAction","target":{"@type":"EntryPoint","urlTemplate":"https:\/\/mojplanet.net\/?s={search_term_string}"},"query-input":"required name=search_term_string"}],"inLanguage":"sl-SI"}]}},"_links":{"self":[{"href":"https:\/\/mojplanet.net\/index.php?rest_route=\/wp\/v2\/pages\/14"}],"collection":[{"href":"https:\/\/mojplanet.net\/index.php?rest_route=\/wp\/v2\/pages"}],"about":[{"href":"https:\/\/mojplanet.net\/index.php?rest_route=\/wp\/v2\/types\/page"}],"author":[{"embeddable":true,"href":"https:\/\/mojplanet.net\/index.php?rest_route=\/wp\/v2\/users\/1"}],"replies":[{"embeddable":true,"href":"https:\/\/mojplanet.net\/index.php?rest_route=%2Fwp%2Fv2%2Fcomments&post=14"}],"version-history":[{"count":14,"href":"https:\/\/mojplanet.net\/index.php?rest_route=\/wp\/v2\/pages\/14\/revisions"}],"predecessor-version":[{"id":99,"href":"https:\/\/mojplanet.net\/index.php?rest_route=\/wp\/v2\/pages\/14\/revisions\/99"}],"wp:attachment":[{"href":"https:\/\/mojplanet.net\/index.php?rest_route=%2Fwp%2Fv2%2Fmedia&parent=14"}],"curies":[{"name":"wp","href":"https:\/\/api.w.org\/{rel}","templated":true}]}}