{"id":9,"date":"2019-10-29T11:37:10","date_gmt":"2019-10-29T11:37:10","guid":{"rendered":"http:\/\/mojplanet.net\/?page_id=9"},"modified":"2024-07-31T14:26:08","modified_gmt":"2024-07-31T13:26:08","slug":"spletna-trgovina","status":"publish","type":"page","link":"https:\/\/mojplanet.net\/","title":{"rendered":"Spletne trgovine"},"content":{"rendered":"\n<p><strong><a href=\"https:\/\/powerbank.si\">Powerbank.si<\/a><\/strong><\/p>\n\n\n\n<figure class=\"wp-block-image size-large is-resized\"><img decoding=\"async\" loading=\"lazy\" src=\"https:\/\/mojplanet.net\/wp-content\/uploads\/2023\/07\/powerbank-logo-1024x221.png\" alt=\"Powerbank.si\" class=\"wp-image-157\" width=\"300\" height=\"61\"\/><\/figure>\n\n\n\n<p>Spletna trgovina Powerbank.si ponuja vse potrebno za polnjenje va\u0161ega telefona in drugih elektronskih naprav. Hitri polnilci preko usb-c kabla ali brez\u017ei\u010dno omogo\u010dajo hitro polnjenje, powerbanki &#8211; prenosne baterije pa omogo\u010dajo da polnjenje poteka kjerkoli in kadarkoli. Ko se izprazni powerbank, ga lahko vedno napolnite bodisi s prenosnimi solarnimi paneli ali bencinskim agregatom. Vse to lahko kupite pri nas.  <\/p>\n\n\n\n<p><strong><a href=\"https:\/\/kitajc.si\">Kitajc.si<\/a><\/strong><\/p>\n\n\n\n<figure class=\"wp-block-image size-full is-resized\"><img decoding=\"async\" src=\"https:\/\/mojplanet.net\/wp-content\/uploads\/2023\/04\/logo.jpg.png\" alt=\"Kitajc.si\" class=\"wp-image-139\" width=\"300\" srcset=\"https:\/\/mojplanet.net\/wp-content\/uploads\/2023\/04\/logo.jpg.png 302w, https:\/\/mojplanet.net\/wp-content\/uploads\/2023\/04\/logo.jpg-300x79.png 300w\" sizes=\"(max-width: 302px) 100vw, 302px\" \/><\/figure>\n\n\n\n<p>Spletna trgovina Kitajc.si \/ Kitajc.com deluje \u017ee od leta 2014. Ukvarjamo se  s prodajo izdelkov prete\u017eno narejenih na Kitajskem. Izdelki so bodisi na zalogi v Sloveniji, v EU skladi\u0161\u010du ali na Kitajskem. Kje se izdelek nahaja je navedeno pri vsakem izdelku posebej. Od lokacije izdelka pa je odvisen tudi dostavni \u010das. V spletni trgovini so na voljo izdelki blagovnih znamk MojPlanet, Edifier, Baseus, Romoss, Insta360, Xiaomi, in druge. V kolikor pogre\u0161ate kak izdelek, lahko po\u0161ljete povpra\u0161evanje na na\u0161 email info@kitajc.si ali nas pokli\u010dete na kontaktno \u0161tevilko 070 805 256.<\/p>\n","protected":false},"excerpt":{"rendered":"<p>Powerbank.si Spletna trgovina Powerbank.si ponuja vse potrebno za polnjenje va\u0161ega telefona in drugih elektronskih naprav. Hitri polnilci preko usb-c kabla ali brez\u017ei\u010dno omogo\u010dajo hitro polnjenje, powerbanki &#8211; prenosne baterije pa omogo\u010dajo da polnjenje poteka kjerkoli in kadarkoli. Ko se izprazni powerbank, ga lahko vedno napolnite bodisi s prenosnimi solarnimi paneli ali bencinskim agregatom. Vse to &hellip; <\/p>\n<p class=\"link-more\"><a href=\"https:\/\/mojplanet.net\/\" class=\"more-link\">Preberi ve\u010d<span class=\"screen-reader-text\"> &#8220;Spletne trgovine&#8221;<\/span><\/a><\/p>\n","protected":false},"author":1,"featured_media":0,"parent":0,"menu_order":0,"comment_status":"closed","ping_status":"closed","template":"","meta":{"_mi_skip_tracking":false,"_monsterinsights_sitenote_active":false,"_monsterinsights_sitenote_note":"","_monsterinsights_sitenote_category":0},"yoast_head":"<!-- This site is optimized with the Yoast SEO plugin v20.12 - https:\/\/yoast.com\/wordpress\/plugins\/seo\/ -->\n<title>Spletne trgovine - MojPlanet d.o.o.<\/title>\n<meta name=\"description\" content=\"Spletni trgovini Powerbank.si, Kitajc.si in Audiofil.si predstavljajo nabor trgovin, ki jih upravlja podjetje MojPlanet d.o.o.\" \/>\n<meta name=\"robots\" content=\"index, follow, max-snippet:-1, max-image-preview:large, max-video-preview:-1\" \/>\n<link rel=\"canonical\" href=\"https:\/\/mojplanet.net\/\" \/>\n<meta property=\"og:locale\" content=\"sl_SI\" \/>\n<meta property=\"og:type\" content=\"article\" \/>\n<meta property=\"og:title\" content=\"Spletne trgovine - MojPlanet d.o.o.\" \/>\n<meta property=\"og:description\" content=\"Spletni trgovini Powerbank.si, Kitajc.si in Audiofil.si predstavljajo nabor trgovin, ki jih upravlja podjetje MojPlanet d.o.o.\" \/>\n<meta property=\"og:url\" content=\"https:\/\/mojplanet.net\/\" \/>\n<meta property=\"og:site_name\" content=\"MojPlanet d.o.o.\" \/>\n<meta property=\"article:modified_time\" content=\"2024-07-31T13:26:08+00:00\" \/>\n<meta property=\"og:image\" content=\"https:\/\/mojplanet.net\/wp-content\/uploads\/2023\/07\/powerbank-logo-1024x221.png\" \/>\n<meta name=\"twitter:card\" content=\"summary_large_image\" \/>\n<meta name=\"twitter:label1\" content=\"Est. reading time\" \/>\n\t<meta name=\"twitter:data1\" content=\"2 minuti\" \/>\n<script type=\"application\/ld+json\" class=\"yoast-schema-graph\">{\"@context\":\"https:\/\/schema.org\",\"@graph\":[{\"@type\":\"WebPage\",\"@id\":\"https:\/\/mojplanet.net\/\",\"url\":\"https:\/\/mojplanet.net\/\",\"name\":\"Spletne trgovine - MojPlanet d.o.o.\",\"isPartOf\":{\"@id\":\"https:\/\/mojplanet.net\/#website\"},\"datePublished\":\"2019-10-29T11:37:10+00:00\",\"dateModified\":\"2024-07-31T13:26:08+00:00\",\"description\":\"Spletni trgovini Powerbank.si, Kitajc.si in Audiofil.si predstavljajo nabor trgovin, ki jih upravlja podjetje MojPlanet d.o.o.\",\"breadcrumb\":{\"@id\":\"https:\/\/mojplanet.net\/#breadcrumb\"},\"inLanguage\":\"sl-SI\",\"potentialAction\":[{\"@type\":\"ReadAction\",\"target\":[\"https:\/\/mojplanet.net\/\"]}]},{\"@type\":\"BreadcrumbList\",\"@id\":\"https:\/\/mojplanet.net\/#breadcrumb\",\"itemListElement\":[{\"@type\":\"ListItem\",\"position\":1,\"name\":\"Home\",\"item\":\"https:\/\/mojplanet.net\/\"},{\"@type\":\"ListItem\",\"position\":2,\"name\":\"Spletne trgovine\"}]},{\"@type\":\"WebSite\",\"@id\":\"https:\/\/mojplanet.net\/#website\",\"url\":\"https:\/\/mojplanet.net\/\",\"name\":\"MojPlanet d.o.o.\",\"description\":\"Prodaja medicinskih pripomo\u010dkov in spletna trgovina\",\"potentialAction\":[{\"@type\":\"SearchAction\",\"target\":{\"@type\":\"EntryPoint\",\"urlTemplate\":\"https:\/\/mojplanet.net\/?s={search_term_string}\"},\"query-input\":\"required name=search_term_string\"}],\"inLanguage\":\"sl-SI\"}]}<\/script>\n<!-- \/ Yoast SEO plugin. -->","yoast_head_json":{"title":"Spletne trgovine - MojPlanet d.o.o.","description":"Spletni trgovini Powerbank.si, Kitajc.si in Audiofil.si predstavljajo nabor trgovin, ki jih upravlja podjetje MojPlanet d.o.o.","robots":{"index":"index","follow":"follow","max-snippet":"max-snippet:-1","max-image-preview":"max-image-preview:large","max-video-preview":"max-video-preview:-1"},"canonical":"https:\/\/mojplanet.net\/","og_locale":"sl_SI","og_type":"article","og_title":"Spletne trgovine - MojPlanet d.o.o.","og_description":"Spletni trgovini Powerbank.si, Kitajc.si in Audiofil.si predstavljajo nabor trgovin, ki jih upravlja podjetje MojPlanet d.o.o.","og_url":"https:\/\/mojplanet.net\/","og_site_name":"MojPlanet d.o.o.","article_modified_time":"2024-07-31T13:26:08+00:00","og_image":[{"url":"https:\/\/mojplanet.net\/wp-content\/uploads\/2023\/07\/powerbank-logo-1024x221.png"}],"twitter_card":"summary_large_image","twitter_misc":{"Est. reading time":"2 minuti"},"schema":{"@context":"https:\/\/schema.org","@graph":[{"@type":"WebPage","@id":"https:\/\/mojplanet.net\/","url":"https:\/\/mojplanet.net\/","name":"Spletne trgovine - MojPlanet d.o.o.","isPartOf":{"@id":"https:\/\/mojplanet.net\/#website"},"datePublished":"2019-10-29T11:37:10+00:00","dateModified":"2024-07-31T13:26:08+00:00","description":"Spletni trgovini Powerbank.si, Kitajc.si in Audiofil.si predstavljajo nabor trgovin, ki jih upravlja podjetje MojPlanet d.o.o.","breadcrumb":{"@id":"https:\/\/mojplanet.net\/#breadcrumb"},"inLanguage":"sl-SI","potentialAction":[{"@type":"ReadAction","target":["https:\/\/mojplanet.net\/"]}]},{"@type":"BreadcrumbList","@id":"https:\/\/mojplanet.net\/#breadcrumb","itemListElement":[{"@type":"ListItem","position":1,"name":"Home","item":"https:\/\/mojplanet.net\/"},{"@type":"ListItem","position":2,"name":"Spletne trgovine"}]},{"@type":"WebSite","@id":"https:\/\/mojplanet.net\/#website","url":"https:\/\/mojplanet.net\/","name":"MojPlanet d.o.o.","description":"Prodaja medicinskih pripomo\u010dkov in spletna trgovina","potentialAction":[{"@type":"SearchAction","target":{"@type":"EntryPoint","urlTemplate":"https:\/\/mojplanet.net\/?s={search_term_string}"},"query-input":"required name=search_term_string"}],"inLanguage":"sl-SI"}]}},"_links":{"self":[{"href":"https:\/\/mojplanet.net\/index.php?rest_route=\/wp\/v2\/pages\/9"}],"collection":[{"href":"https:\/\/mojplanet.net\/index.php?rest_route=\/wp\/v2\/pages"}],"about":[{"href":"https:\/\/mojplanet.net\/index.php?rest_route=\/wp\/v2\/types\/page"}],"author":[{"embeddable":true,"href":"https:\/\/mojplanet.net\/index.php?rest_route=\/wp\/v2\/users\/1"}],"replies":[{"embeddable":true,"href":"https:\/\/mojplanet.net\/index.php?rest_route=%2Fwp%2Fv2%2Fcomments&post=9"}],"version-history":[{"count":16,"href":"https:\/\/mojplanet.net\/index.php?rest_route=\/wp\/v2\/pages\/9\/revisions"}],"predecessor-version":[{"id":174,"href":"https:\/\/mojplanet.net\/index.php?rest_route=\/wp\/v2\/pages\/9\/revisions\/174"}],"wp:attachment":[{"href":"https:\/\/mojplanet.net\/index.php?rest_route=%2Fwp%2Fv2%2Fmedia&parent=9"}],"curies":[{"name":"wp","href":"https:\/\/api.w.org\/{rel}","templated":true}]}}